{"id":114,"date":"2024-03-28T12:40:02","date_gmt":"2024-03-28T15:40:02","guid":{"rendered":"https:\/\/aarbrasil.com.br\/?page_id=114"},"modified":"2024-04-03T09:19:13","modified_gmt":"2024-04-03T12:19:13","slug":"quem-somos","status":"publish","type":"page","link":"https:\/\/aarbrasil.com.br\/?page_id=114","title":{"rendered":"Quem Somos"},"content":{"rendered":"\t\t<div data-elementor-type=\"wp-page\" data-elementor-id=\"114\" class=\"elementor elementor-114\">\n\t\t\t\t\t\t<section class=\"elementor-section elementor-top-section elementor-element elementor-element-149f4f95 envato-kit-141-top-0 elementor-section-boxed elementor-section-height-default elementor-section-height-default\" data-id=\"149f4f95\" data-element_type=\"section\" data-settings=\"{&quot;background_background&quot;:&quot;classic&quot;}\">\n\t\t\t\t\t\t\t<div class=\"elementor-background-overlay\"><\/div>\n\t\t\t\t\t\t\t<div class=\"elementor-container elementor-column-gap-wider\">\n\t\t\t\t\t<div class=\"elementor-column elementor-col-50 elementor-top-column elementor-element elementor-element-7a81f08e\" data-id=\"7a81f08e\" data-element_type=\"column\">\n\t\t\t<div class=\"elementor-widget-wrap elementor-element-populated\">\n\t\t\t\t\t\t<div class=\"elementor-element elementor-element-5be0269c elementor-invisible elementor-widget elementor-widget-image\" data-id=\"5be0269c\" data-element_type=\"widget\" data-settings=\"{&quot;_animation&quot;:&quot;fadeIn&quot;,&quot;_animation_delay&quot;:350}\" data-widget_type=\"image.default\">\n\t\t\t\t<div class=\"elementor-widget-container\">\n\t\t\t\t\t\t\t\t\t\t\t\t\t\t\t\t<a href=\"https:\/\/aarbrasil.com.br\/\">\n\t\t\t\t\t\t\t<img fetchpriority=\"high\" decoding=\"async\" width=\"768\" height=\"461\" src=\"https:\/\/aarbrasil.com.br\/wp-content\/uploads\/2024\/04\/LOGO-AAR_Fundo_1-768x461.png\" class=\"attachment-medium_large size-medium_large wp-image-425\" alt=\"\" srcset=\"https:\/\/aarbrasil.com.br\/wp-content\/uploads\/2024\/04\/LOGO-AAR_Fundo_1-768x461.png 768w, https:\/\/aarbrasil.com.br\/wp-content\/uploads\/2024\/04\/LOGO-AAR_Fundo_1-300x180.png 300w, https:\/\/aarbrasil.com.br\/wp-content\/uploads\/2024\/04\/LOGO-AAR_Fundo_1-1024x614.png 1024w, https:\/\/aarbrasil.com.br\/wp-content\/uploads\/2024\/04\/LOGO-AAR_Fundo_1-1536x921.png 1536w, https:\/\/aarbrasil.com.br\/wp-content\/uploads\/2024\/04\/LOGO-AAR_Fundo_1-2048x1229.png 2048w, https:\/\/aarbrasil.com.br\/wp-content\/uploads\/2024\/04\/LOGO-AAR_Fundo_1-600x360.png 600w\" sizes=\"(max-width: 768px) 100vw, 768px\" \/>\t\t\t\t\t\t\t\t<\/a>\n\t\t\t\t\t\t\t\t\t\t\t\t\t\t\t<\/div>\n\t\t\t\t<\/div>\n\t\t\t\t<div class=\"elementor-element elementor-element-4f48f752 elementor-invisible elementor-widget elementor-widget-heading\" data-id=\"4f48f752\" data-element_type=\"widget\" data-settings=\"{&quot;_animation&quot;:&quot;fadeIn&quot;,&quot;_animation_delay&quot;:200}\" data-widget_type=\"heading.default\">\n\t\t\t\t<div class=\"elementor-widget-container\">\n\t\t\t\t\t<h2 class=\"elementor-heading-title elementor-size-default\">A AAR BRASIL destaca-se no\nmercado de fulfillment, provendo\num portf\u00f3lio de servi\u00e7os\nabrangentes e adaptados \u00e0s\nnecessidades de cada cliente.\nEstamos dedicados a assegurar um\npadr\u00e3o de qualidade superior em\ntodas as fases operacionais,\nabarcando desde o\narmazenamento dos produtos at\u00e9 a\nsua entrega efetiva.<\/h2>\t\t\t\t<\/div>\n\t\t\t\t<\/div>\n\t\t\t\t\t<\/div>\n\t\t<\/div>\n\t\t\t\t<div class=\"elementor-column elementor-col-50 elementor-top-column elementor-element elementor-element-5a0fab42\" data-id=\"5a0fab42\" data-element_type=\"column\">\n\t\t\t<div class=\"elementor-widget-wrap elementor-element-populated\">\n\t\t\t\t\t\t<div class=\"elementor-element elementor-element-5d01f871 elementor-invisible elementor-widget elementor-widget-heading\" data-id=\"5d01f871\" data-element_type=\"widget\" data-settings=\"{&quot;_animation&quot;:&quot;fadeIn&quot;,&quot;_animation_delay&quot;:100}\" data-widget_type=\"heading.default\">\n\t\t\t\t<div class=\"elementor-widget-container\">\n\t\t\t\t\t<h2 class=\"elementor-heading-title elementor-size-default\">PILARES DA EMPRESA<\/h2>\t\t\t\t<\/div>\n\t\t\t\t<\/div>\n\t\t\t\t<div class=\"elementor-element elementor-element-6ae622ec elementor-widget-divider--view-line elementor-invisible elementor-widget elementor-widget-divider\" data-id=\"6ae622ec\" data-element_type=\"widget\" data-settings=\"{&quot;_animation&quot;:&quot;fadeIn&quot;,&quot;_animation_delay&quot;:150}\" data-widget_type=\"divider.default\">\n\t\t\t\t<div class=\"elementor-widget-container\">\n\t\t\t\t\t\t\t<div class=\"elementor-divider\">\n\t\t\t<span class=\"elementor-divider-separator\">\n\t\t\t\t\t\t<\/span>\n\t\t<\/div>\n\t\t\t\t\t\t<\/div>\n\t\t\t\t<\/div>\n\t\t\t\t<section class=\"elementor-section elementor-inner-section elementor-element elementor-element-764b9748 elementor-section-boxed elementor-section-height-default elementor-section-height-default elementor-invisible\" data-id=\"764b9748\" data-element_type=\"section\" data-settings=\"{&quot;animation&quot;:&quot;fadeIn&quot;,&quot;animation_delay&quot;:300}\">\n\t\t\t\t\t\t<div class=\"elementor-container elementor-column-gap-no\">\n\t\t\t\t\t<div class=\"elementor-column elementor-col-100 elementor-inner-column elementor-element elementor-element-2879abbe\" data-id=\"2879abbe\" data-element_type=\"column\">\n\t\t\t<div class=\"elementor-widget-wrap elementor-element-populated\">\n\t\t\t\t\t\t<div class=\"elementor-element elementor-element-52c462ac elementor-widget elementor-widget-heading\" data-id=\"52c462ac\" data-element_type=\"widget\" data-widget_type=\"heading.default\">\n\t\t\t\t<div class=\"elementor-widget-container\">\n\t\t\t\t\t<h2 class=\"elementor-heading-title elementor-size-default\">Miss\u00e3o<\/h2>\t\t\t\t<\/div>\n\t\t\t\t<\/div>\n\t\t\t\t<div class=\"elementor-element elementor-element-bfe5b02 elementor-widget elementor-widget-text-editor\" data-id=\"bfe5b02\" data-element_type=\"widget\" data-widget_type=\"text-editor.default\">\n\t\t\t\t<div class=\"elementor-widget-container\">\n\t\t\t\t\t\t\t\t\t<p>Ser cada vez mais uma empresa sem fronteiras, formada por pessoas criativas e comprometidas, dispostas a superar desafios e atentas \u00e0s oportunidades geradas por um mercado em constante evolu\u00e7\u00e3o<\/p>\t\t\t\t\t\t\t\t<\/div>\n\t\t\t\t<\/div>\n\t\t\t\t\t<\/div>\n\t\t<\/div>\n\t\t\t\t\t<\/div>\n\t\t<\/section>\n\t\t\t\t<section class=\"elementor-section elementor-inner-section elementor-element elementor-element-19133fe9 elementor-section-boxed elementor-section-height-default elementor-section-height-default elementor-invisible\" data-id=\"19133fe9\" data-element_type=\"section\" data-settings=\"{&quot;animation&quot;:&quot;fadeIn&quot;,&quot;animation_delay&quot;:300}\">\n\t\t\t\t\t\t<div class=\"elementor-container elementor-column-gap-no\">\n\t\t\t\t\t<div class=\"elementor-column elementor-col-100 elementor-inner-column elementor-element elementor-element-74058085\" data-id=\"74058085\" data-element_type=\"column\">\n\t\t\t<div class=\"elementor-widget-wrap elementor-element-populated\">\n\t\t\t\t\t\t<div class=\"elementor-element elementor-element-7c89770c elementor-widget elementor-widget-heading\" data-id=\"7c89770c\" data-element_type=\"widget\" data-widget_type=\"heading.default\">\n\t\t\t\t<div class=\"elementor-widget-container\">\n\t\t\t\t\t<h2 class=\"elementor-heading-title elementor-size-default\">Vis\u00e3o<\/h2>\t\t\t\t<\/div>\n\t\t\t\t<\/div>\n\t\t\t\t<div class=\"elementor-element elementor-element-17b11a4c elementor-widget elementor-widget-text-editor\" data-id=\"17b11a4c\" data-element_type=\"widget\" data-widget_type=\"text-editor.default\">\n\t\t\t\t<div class=\"elementor-widget-container\">\n\t\t\t\t\t\t\t\t\t<p>Oferecer aos clientes mais do que a presta\u00e7\u00e3o de servi\u00e7os de alto padr\u00e3o, mas solu\u00e7\u00f5es completas que sejam competitivas , \u00e1geis, inovadoras, surpreendentes e que assegurem sustentabilidade<\/p>\t\t\t\t\t\t\t\t<\/div>\n\t\t\t\t<\/div>\n\t\t\t\t\t<\/div>\n\t\t<\/div>\n\t\t\t\t\t<\/div>\n\t\t<\/section>\n\t\t\t\t<section class=\"elementor-section elementor-inner-section elementor-element elementor-element-33ebca1 elementor-section-boxed elementor-section-height-default elementor-section-height-default elementor-invisible\" data-id=\"33ebca1\" data-element_type=\"section\" data-settings=\"{&quot;animation&quot;:&quot;fadeIn&quot;,&quot;animation_delay&quot;:300}\">\n\t\t\t\t\t\t<div class=\"elementor-container elementor-column-gap-no\">\n\t\t\t\t\t<div class=\"elementor-column elementor-col-100 elementor-inner-column elementor-element elementor-element-fd6b26d\" data-id=\"fd6b26d\" data-element_type=\"column\">\n\t\t\t<div class=\"elementor-widget-wrap elementor-element-populated\">\n\t\t\t\t\t\t<div class=\"elementor-element elementor-element-8974468 elementor-widget elementor-widget-heading\" data-id=\"8974468\" data-element_type=\"widget\" data-widget_type=\"heading.default\">\n\t\t\t\t<div class=\"elementor-widget-container\">\n\t\t\t\t\t<h2 class=\"elementor-heading-title elementor-size-default\">Valores<\/h2>\t\t\t\t<\/div>\n\t\t\t\t<\/div>\n\t\t\t\t<div class=\"elementor-element elementor-element-d380534 elementor-widget elementor-widget-text-editor\" data-id=\"d380534\" data-element_type=\"widget\" data-widget_type=\"text-editor.default\">\n\t\t\t\t<div class=\"elementor-widget-container\">\n\t\t\t\t\t\t\t\t\t<p>Temos 5 valores (Confian\u00e7a, Transpar\u00eancia, Criatividade, Considera\u00e7\u00e3o e Inova\u00e7\u00e3o) e queremos promover atrav\u00e9s deles a melhoria cont\u00ednua em nossos servi\u00e7os, atuando de forma que nossos valores sejam notados em nosso colaboradores, clientes e fornecedores<\/p>\t\t\t\t\t\t\t\t<\/div>\n\t\t\t\t<\/div>\n\t\t\t\t\t<\/div>\n\t\t<\/div>\n\t\t\t\t\t<\/div>\n\t\t<\/section>\n\t\t\t\t\t<\/div>\n\t\t<\/div>\n\t\t\t\t\t<\/div>\n\t\t<\/section>\n\t\t\t\t<\/div>\n\t\t","protected":false},"excerpt":{"rendered":"<p>A AAR BRASIL destaca-se no mercado de fulfillment, provendo um portf\u00f3lio de servi\u00e7os abrangentes e adaptados \u00e0s necessidades de cada cliente. Estamos dedicados a assegurar um padr\u00e3o de qualidade superior em todas as fases operacionais, abarcando desde o armazenamento dos produtos at\u00e9 a sua entrega efetiva. PILARES DA EMPRESA Miss\u00e3o Ser cada vez mais uma [&hellip;]<\/p>\n","protected":false},"author":1,"featured_media":0,"parent":0,"menu_order":0,"comment_status":"closed","ping_status":"closed","template":"elementor_header_footer","meta":{"footnotes":""},"class_list":["post-114","page","type-page","status-publish","hentry"],"_links":{"self":[{"href":"https:\/\/aarbrasil.com.br\/index.php?rest_route=\/wp\/v2\/pages\/114","targetHints":{"allow":["GET"]}}],"collection":[{"href":"https:\/\/aarbrasil.com.br\/index.php?rest_route=\/wp\/v2\/pages"}],"about":[{"href":"https:\/\/aarbrasil.com.br\/index.php?rest_route=\/wp\/v2\/types\/page"}],"author":[{"embeddable":true,"href":"https:\/\/aarbrasil.com.br\/index.php?rest_route=\/wp\/v2\/users\/1"}],"replies":[{"embeddable":true,"href":"https:\/\/aarbrasil.com.br\/index.php?rest_route=%2Fwp%2Fv2%2Fcomments&post=114"}],"version-history":[{"count":37,"href":"https:\/\/aarbrasil.com.br\/index.php?rest_route=\/wp\/v2\/pages\/114\/revisions"}],"predecessor-version":[{"id":431,"href":"https:\/\/aarbrasil.com.br\/index.php?rest_route=\/wp\/v2\/pages\/114\/revisions\/431"}],"wp:attachment":[{"href":"https:\/\/aarbrasil.com.br\/index.php?rest_route=%2Fwp%2Fv2%2Fmedia&parent=114"}],"curies":[{"name":"wp","href":"https:\/\/api.w.org\/{rel}","templated":true}]}}